{"id":257,"date":"2020-06-19T19:10:20","date_gmt":"2020-06-19T19:10:20","guid":{"rendered":"http:\/\/romabooks.com\/?page_id=257"},"modified":"2020-06-20T00:31:02","modified_gmt":"2020-06-20T00:31:02","slug":"roma-shop","status":"publish","type":"page","link":"https:\/\/romabooks.com\/?page_id=257","title":{"rendered":"Roma Shop"},"content":{"rendered":"\n<h2 class=\"wp-block-heading\"><strong><a href=\"http:\/\/www.RomShirt.com\">Mehr Kleidung auf RomShirt.com<\/a><\/strong><\/h2>\n\n\n\n<figure class=\"wp-block-image size-large\"><a href=\"https:\/\/amzn.to\/2UYDlaC\"><img loading=\"lazy\" decoding=\"async\" width=\"951\" height=\"279\" src=\"http:\/\/romabooks.com\/wp-content\/uploads\/2020\/06\/tshirt-2.jpg\" alt=\"\" class=\"wp-image-267\" srcset=\"https:\/\/romabooks.com\/wp-content\/uploads\/2020\/06\/tshirt-2.jpg 951w, https:\/\/romabooks.com\/wp-content\/uploads\/2020\/06\/tshirt-2-300x88.jpg 300w, https:\/\/romabooks.com\/wp-content\/uploads\/2020\/06\/tshirt-2-768x225.jpg 768w\" sizes=\"(max-width: 951px) 100vw, 951px\" \/><\/a><figcaption><a href=\"https:\/\/amzn.to\/2UYDlaC\">Roma T-Shirt<\/a><\/figcaption><\/figure>\n\n\n\n<div class=\"wp-block-columns is-layout-flex wp-container-core-columns-layout-1 wp-block-columns-is-layout-flex\">\n<div class=\"wp-block-column is-layout-flow wp-block-column-is-layout-flow\">\n<figure class=\"wp-block-image size-large\"><a href=\"https:\/\/amzn.to\/2CoYTXD\"><img decoding=\"async\" src=\"https:\/\/images-na.ssl-images-amazon.com\/images\/I\/3100OagQY7L._AC_.jpg\" alt=\"\"\/><\/a><figcaption><a href=\"https:\/\/amzn.to\/2CoYTXD\">Akacha pin flaggenpin flaggen Button pins anstecker Anstecknadel sammler Roma Romani<br><br><\/a><br><\/figcaption><\/figure>\n<\/div>\n\n\n\n<div class=\"wp-block-column is-layout-flow wp-block-column-is-layout-flow\">\n<figure class=\"wp-block-image size-large\"><a href=\"https:\/\/amzn.to\/30Zsz7K\"><img decoding=\"async\" src=\"https:\/\/images-na.ssl-images-amazon.com\/images\/I\/61TnRnHUq6L._AC_SX679_.jpg\" alt=\"\"\/><\/a><figcaption><a href=\"https:\/\/amzn.to\/30Zsz7K\">Flagge der Roma Menschen Gesicht Sch\u00e4del Bandanas Mode Vielfalt Kopftuch im Freien Festivals Sport f\u00fcr M\u00e4nner und Frauen<br><\/a><br><br><\/figcaption><\/figure>\n<\/div>\n\n\n\n<div class=\"wp-block-column is-layout-flow wp-block-column-is-layout-flow\">\n<figure class=\"wp-block-image size-large\"><a href=\"https:\/\/amzn.to\/3hLT0DR\"><img decoding=\"async\" src=\"https:\/\/images-na.ssl-images-amazon.com\/images\/I\/41yYwcsaYcL._AC_.jpg\" alt=\"\"\/><\/a><figcaption><a href=\"https:\/\/amzn.to\/3hLT0DR\">Akachafactory Sticker Aufkleber Nationalit\u00e4tenkennzeichen Flagge Fahne Roma rom sinthi<br><\/a><br><br><\/figcaption><\/figure>\n<\/div>\n<\/div>\n\n\n\n<div class=\"wp-block-columns is-layout-flex wp-container-core-columns-layout-2 wp-block-columns-is-layout-flex\">\n<div class=\"wp-block-column is-layout-flow wp-block-column-is-layout-flow\">\n<figure class=\"wp-block-image size-large\"><a href=\"https:\/\/amzn.to\/2YLlYeA\"><img decoding=\"async\" src=\"https:\/\/images-na.ssl-images-amazon.com\/images\/I\/41NE6AR4mQL._AC_.jpg\" alt=\"\"\/><\/a><figcaption><a href=\"https:\/\/amzn.to\/2YLlYeA\">Akachafactory Sticker Aufkleber Flaggen Flagge Fahne Roma rom sinthi<br><br><\/a><br><\/figcaption><\/figure>\n<\/div>\n\n\n\n<div class=\"wp-block-column is-layout-flow wp-block-column-is-layout-flow\">\n<figure class=\"wp-block-image size-large\"><a href=\"https:\/\/amzn.to\/3fy9A8y\"><img decoding=\"async\" src=\"https:\/\/images-na.ssl-images-amazon.com\/images\/I\/41B%2BSsjDjrL._AC_.jpg\" alt=\"\"\/><\/a><figcaption><a href=\"https:\/\/amzn.to\/3fy9A8y\">Akachafactory Sticker Aufkleber Flugel Motorrad Biker Flagge Fahne Roma rom sinthi Sinti<\/a><\/figcaption><\/figure>\n<\/div>\n\n\n\n<div class=\"wp-block-column is-layout-flow wp-block-column-is-layout-flow\">\n<figure class=\"wp-block-image size-large\"><a href=\"https:\/\/amzn.to\/3fy9EVQ\"><img decoding=\"async\" src=\"https:\/\/images-na.ssl-images-amazon.com\/images\/I\/516c0N1ZnRL._AC_.jpg\" alt=\"\"\/><\/a><figcaption><a href=\"https:\/\/amzn.to\/3fy9EVQ\">Akachafactory Sticker Aufkleber Pirat Piraten Jack Rackham Calico Flagge Fahne Roma rom sinthi sinti<\/a><\/figcaption><\/figure>\n\n\n\n<p><\/p>\n<\/div>\n<\/div>\n\n\n\n<div class=\"wp-block-columns is-layout-flex wp-container-core-columns-layout-3 wp-block-columns-is-layout-flex\">\n<div class=\"wp-block-column is-layout-flow wp-block-column-is-layout-flow\">\n<figure class=\"wp-block-image size-large\"><a href=\"https:\/\/amzn.to\/3diRQMG\"><img decoding=\"async\" src=\"https:\/\/images-na.ssl-images-amazon.com\/images\/I\/41vWhN0LrYL._AC_.jpg\" alt=\"\"\/><\/a><figcaption><a href=\"https:\/\/amzn.to\/3diRQMG\">Akachafactory 2X Sticker Aufkleber Flaggen Flagge Fahne Herzen Roma rom sinthi sinti<\/a><\/figcaption><\/figure>\n<\/div>\n\n\n\n<div class=\"wp-block-column is-layout-flow wp-block-column-is-layout-flow\">\n<figure class=\"wp-block-image size-large is-resized\"><a href=\"https:\/\/amzn.to\/3fJcuHM\"><img loading=\"lazy\" decoding=\"async\" src=\"https:\/\/images-na.ssl-images-amazon.com\/images\/I\/31lDLah3CxL._AC_.jpg\" alt=\"\" width=\"56\" height=\"111\"\/><\/a><figcaption><a rel=\"noreferrer noopener\" href=\"https:\/\/amzn.to\/3fJcuHM\" target=\"_blank\">Aufkleber Sinti &amp; Roma Peace Finger 13 cm x 6 cm <\/a><\/figcaption><\/figure>\n<\/div>\n\n\n\n<div class=\"wp-block-column is-layout-flow wp-block-column-is-layout-flow\">\n<figure class=\"wp-block-image size-large\"><a href=\"https:\/\/amzn.to\/2YMIVOu\"><img decoding=\"async\" src=\"https:\/\/images-na.ssl-images-amazon.com\/images\/I\/310hJDWiV5L._AC_.jpg\" alt=\"\"\/><\/a><figcaption><a href=\"https:\/\/amzn.to\/2YMIVOu\">akachafactory Schl\u00fcsselanh\u00e4nger Auto Moto anh\u00e4nger Flagge Fahne flaggen Roma Romani<br><\/a><br><br><\/figcaption><\/figure>\n<\/div>\n<\/div>\n\n\n\n<div class=\"wp-block-columns is-layout-flex wp-container-core-columns-layout-4 wp-block-columns-is-layout-flex\">\n<div class=\"wp-block-column is-layout-flow wp-block-column-is-layout-flow\">\n<figure class=\"wp-block-image size-large\"><a href=\"https:\/\/amzn.to\/2Ygnsyj\"><img decoding=\"async\" src=\"https:\/\/images-na.ssl-images-amazon.com\/images\/I\/41-icjMftBL._AC_SX466_.jpg\" alt=\"\"\/><\/a><figcaption><a href=\"https:\/\/amzn.to\/2Ygnsyj\">U24 Fahne Flagge Sinti und Roma Bootsflagge Premiumqualit\u00e4t 150 x 250 cm<br><\/a><br><br><\/figcaption><\/figure>\n\n\n\n<p><\/p>\n<\/div>\n\n\n\n<div class=\"wp-block-column is-layout-flow wp-block-column-is-layout-flow\">\n<figure class=\"wp-block-image size-large\"><a href=\"https:\/\/amzn.to\/3hIliPR\"><img decoding=\"async\" src=\"https:\/\/images-na.ssl-images-amazon.com\/images\/I\/41-icjMftBL._AC_SX466_.jpg\" alt=\"\"\/><\/a><figcaption><a href=\"https:\/\/amzn.to\/3hIliPR\">&nbsp;2.16m\u00b2 | 120x180cm \u00bb Fahne 100% Made in Germany<\/a><\/figcaption><\/figure>\n<\/div>\n\n\n\n<div class=\"wp-block-column is-layout-flow wp-block-column-is-layout-flow\">\n<figure class=\"wp-block-image size-large\"><a href=\"https:\/\/amzn.to\/2YPSpsr\"><img decoding=\"async\" src=\"https:\/\/images-na.ssl-images-amazon.com\/images\/I\/41W4RiSayhL._AC_.jpg\" alt=\"\"\/><\/a><figcaption><a href=\"https:\/\/amzn.to\/2YPSpsr\">Premiumqualit\u00e4t 60 x 90 cm<\/a><\/figcaption><\/figure>\n<\/div>\n<\/div>\n\n\n\n<div class=\"wp-block-columns is-layout-flex wp-container-core-columns-layout-5 wp-block-columns-is-layout-flex\">\n<div class=\"wp-block-column is-layout-flow wp-block-column-is-layout-flow\">\n<figure class=\"wp-block-image size-large\"><a href=\"https:\/\/amzn.to\/30WQbtI\"><img loading=\"lazy\" decoding=\"async\" width=\"805\" height=\"514\" src=\"http:\/\/romabooks.com\/wp-content\/uploads\/2020\/06\/wimpel-1.jpg\" alt=\"\" class=\"wp-image-283\" srcset=\"https:\/\/romabooks.com\/wp-content\/uploads\/2020\/06\/wimpel-1.jpg 805w, https:\/\/romabooks.com\/wp-content\/uploads\/2020\/06\/wimpel-1-300x192.jpg 300w, https:\/\/romabooks.com\/wp-content\/uploads\/2020\/06\/wimpel-1-768x490.jpg 768w\" sizes=\"(max-width: 805px) 100vw, 805px\" \/><\/a><figcaption><a href=\"https:\/\/amzn.to\/30WQbtI\">World Roma Kongress Polyester Flagge Wimpelkette 9&nbsp;m (30&nbsp;&#8218;) Wimpelkette mit 30&nbsp;Flaggen<br><\/a><br><br><\/figcaption><\/figure>\n<\/div>\n\n\n\n<div class=\"wp-block-column is-layout-flow wp-block-column-is-layout-flow\">\n<figure class=\"wp-block-image size-large is-resized\"><a href=\"https:\/\/amzn.to\/2AVe6PA\"><img loading=\"lazy\" decoding=\"async\" src=\"https:\/\/images-na.ssl-images-amazon.com\/images\/I\/41fl1Jre-wL._AC_.jpg\" alt=\"\" width=\"131\" height=\"193\"\/><\/a><figcaption><a href=\"https:\/\/amzn.to\/2AVe6PA\">Akachafactory Wimpel Mini Flagge Fahne flaggen miniflagge sinti und Roma roms<br><\/a><br><br><\/figcaption><\/figure>\n<\/div>\n\n\n\n<div class=\"wp-block-column is-layout-flow wp-block-column-is-layout-flow\">\n<figure class=\"wp-block-image size-large is-resized\"><img loading=\"lazy\" decoding=\"async\" src=\"https:\/\/images-na.ssl-images-amazon.com\/images\/I\/31aWSM5AnSL._AC_.jpg\" alt=\"\" width=\"145\" height=\"183\"\/><figcaption>Aufkleber Sticker autoaufkleber Wappen Schild Flagge flaggen Fahne Roma Romani<\/figcaption><\/figure>\n<\/div>\n<\/div>\n\n\n\n<div class=\"wp-block-columns is-layout-flex wp-container-core-columns-layout-6 wp-block-columns-is-layout-flex\">\n<div class=\"wp-block-column is-layout-flow wp-block-column-is-layout-flow\">\n<figure class=\"wp-block-image size-large\"><a href=\"https:\/\/amzn.to\/3hEa1jz\"><img decoding=\"async\" src=\"https:\/\/images-na.ssl-images-amazon.com\/images\/I\/61SFHD7A3PL._AC_.jpg\" alt=\"\"\/><\/a><figcaption><a href=\"https:\/\/amzn.to\/3hEa1jz\">Flaggen Aufn\u00e4her \/ Patch Sinti und Roma 8&#215;5 cm<br><\/a><br><br><br><\/figcaption><\/figure>\n<\/div>\n\n\n\n<div class=\"wp-block-column is-layout-flow wp-block-column-is-layout-flow\">\n<figure class=\"wp-block-image size-large\"><a href=\"https:\/\/amzn.to\/37KQx8r\"><img decoding=\"async\" src=\"https:\/\/images-na.ssl-images-amazon.com\/images\/I\/31shqJbqVXL._AC_.jpg\" alt=\"\"\/><\/a><figcaption><a href=\"https:\/\/amzn.to\/37KQx8r\">Schl\u00fcsselanh\u00e4nger Fahne Flagge flaggen Bestickt anh\u00e4nger schl\u00fcssel Roma Romani<\/a><\/figcaption><\/figure>\n\n\n\n<p><\/p>\n<\/div>\n\n\n\n<div class=\"wp-block-column is-layout-flow wp-block-column-is-layout-flow\">\n<figure class=\"wp-block-image size-large\"><a href=\"https:\/\/amzn.to\/2V1KpDw\"><img decoding=\"async\" src=\"https:\/\/images-na.ssl-images-amazon.com\/images\/I\/41W4RiSayhL._AC_.jpg\" alt=\"\"\/><\/a><figcaption><a href=\"https:\/\/amzn.to\/2V1KpDw\">U24 Aufkleber Sinti und Roma Flagge Fahne 8 x 5 cm Autoaufkleber Sticker<\/a><\/figcaption><\/figure>\n<\/div>\n<\/div>\n\n\n\n<div class=\"wp-block-columns is-layout-flex wp-container-core-columns-layout-7 wp-block-columns-is-layout-flex\">\n<div class=\"wp-block-column is-layout-flow wp-block-column-is-layout-flow\" style=\"flex-basis:66.66%\">\n<figure class=\"wp-block-image size-large\"><a href=\"https:\/\/amzn.to\/30VmU2J\"><img decoding=\"async\" src=\"https:\/\/images-na.ssl-images-amazon.com\/images\/I\/41%2BQsIG4ViL._AC_.jpg\" alt=\"\"\/><\/a><figcaption><a href=\"https:\/\/amzn.to\/30VmU2J\">Akacha Aufkleber f\u00fcr Auto, Motorrad, Koffer, PC, Motiv: Flagge der Roma, 4 St\u00fcck<\/a><\/figcaption><\/figure>\n<\/div>\n\n\n\n<div class=\"wp-block-column is-layout-flow wp-block-column-is-layout-flow\" style=\"flex-basis:33.33%\">\n<figure class=\"wp-block-image size-large\"><a href=\"https:\/\/amzn.to\/3fFoqtR\"><img loading=\"lazy\" decoding=\"async\" width=\"715\" height=\"705\" src=\"http:\/\/romabooks.com\/wp-content\/uploads\/2020\/06\/kk.jpg\" alt=\"\" class=\"wp-image-287\" srcset=\"https:\/\/romabooks.com\/wp-content\/uploads\/2020\/06\/kk.jpg 715w, https:\/\/romabooks.com\/wp-content\/uploads\/2020\/06\/kk-300x296.jpg 300w\" sizes=\"(max-width: 715px) 100vw, 715px\" \/><\/a><figcaption><a href=\"https:\/\/amzn.to\/3fFoqtR\">Tischflagge \/ Tischfahne Sinti und Roma + gratis Aufkleber, Flaggenfritze\u00ae<br><\/a><br><br><\/figcaption><\/figure>\n<\/div>\n<\/div>\n\n\n\n<div class=\"wp-block-columns is-layout-flex wp-container-core-columns-layout-8 wp-block-columns-is-layout-flex\">\n<div class=\"wp-block-column is-layout-flow wp-block-column-is-layout-flow\" style=\"flex-basis:33.33%\"><\/div>\n\n\n\n<div class=\"wp-block-column is-layout-flow wp-block-column-is-layout-flow\" style=\"flex-basis:66.66%\">\n<figure class=\"wp-block-image size-large\"><a href=\"https:\/\/amzn.to\/2YfxLTi\"><img loading=\"lazy\" decoding=\"async\" width=\"680\" height=\"462\" src=\"http:\/\/romabooks.com\/wp-content\/uploads\/2020\/06\/k.jpg\" alt=\"\" class=\"wp-image-290\" srcset=\"https:\/\/romabooks.com\/wp-content\/uploads\/2020\/06\/k.jpg 680w, https:\/\/romabooks.com\/wp-content\/uploads\/2020\/06\/k-300x204.jpg 300w\" sizes=\"(max-width: 680px) 100vw, 680px\" \/><\/a><figcaption><a href=\"https:\/\/amzn.to\/2YfxLTi\">Akachafactory 4&nbsp;x selbstklebend Sticker Auto Moto Stripes Flagge Tuning Roma Zigeuner Romani<br><\/a><br><br><\/figcaption><\/figure>\n<\/div>\n<\/div>\n","protected":false},"excerpt":{"rendered":"<p>Mehr Kleidung auf RomShirt.com<\/p>\n","protected":false},"author":1,"featured_media":0,"parent":0,"menu_order":0,"comment_status":"closed","ping_status":"closed","template":"","meta":{"footnotes":""},"aioseo_notices":[],"_links":{"self":[{"href":"https:\/\/romabooks.com\/index.php?rest_route=\/wp\/v2\/pages\/257"}],"collection":[{"href":"https:\/\/romabooks.com\/index.php?rest_route=\/wp\/v2\/pages"}],"about":[{"href":"https:\/\/romabooks.com\/index.php?rest_route=\/wp\/v2\/types\/page"}],"author":[{"embeddable":true,"href":"https:\/\/romabooks.com\/index.php?rest_route=\/wp\/v2\/users\/1"}],"replies":[{"embeddable":true,"href":"https:\/\/romabooks.com\/index.php?rest_route=%2Fwp%2Fv2%2Fcomments&post=257"}],"version-history":[{"count":8,"href":"https:\/\/romabooks.com\/index.php?rest_route=\/wp\/v2\/pages\/257\/revisions"}],"predecessor-version":[{"id":295,"href":"https:\/\/romabooks.com\/index.php?rest_route=\/wp\/v2\/pages\/257\/revisions\/295"}],"wp:attachment":[{"href":"https:\/\/romabooks.com\/index.php?rest_route=%2Fwp%2Fv2%2Fmedia&parent=257"}],"curies":[{"name":"wp","href":"https:\/\/api.w.org\/{rel}","templated":true}]}}